{"id":822,"date":"2023-07-21T13:00:06","date_gmt":"2023-07-21T11:00:06","guid":{"rendered":"https:\/\/cosmoscosmetique.fr\/sumergete-en-el-cautivador-mundo-de-los-blogs-de-belleza-revelaciones-tendencias-y-consejos\/"},"modified":"2025-12-18T10:58:17","modified_gmt":"2025-12-18T09:58:17","slug":"sumergete-en-el-cautivador-mundo-de-los-blogs-de-belleza-revelaciones-tendencias-y-consejos","status":"publish","type":"page","link":"https:\/\/cosmoscosmetique.fr\/es\/sumergete-en-el-cautivador-mundo-de-los-blogs-de-belleza-revelaciones-tendencias-y-consejos\/","title":{"rendered":"Sum\u00e9rgete en el cautivador mundo de los blogs de belleza: \u00a1revelaciones, tendencias y consejos!"},"content":{"rendered":"\n<p>En el mundo de la belleza, en constante evoluci\u00f3n, <strong>los blogs de belleza<\/strong> se han convertido en una fuente esencial de informaci\u00f3n e inspiraci\u00f3n. Estas plataformas permiten a sus autores compartir sus descubrimientos, consejos y sugerencias con un amplio p\u00fablico. Estos blogs abarcan una amplia gama de temas: maquillaje, cuidado de la piel, fragancias y mucho m\u00e1s.  <\/p>\n\n<h2 class=\"wp-block-heading\">Las diferentes categor\u00edas de blog de belleza<\/h2>\n\n<p>A lo largo de los a\u00f1os, han surgido distintos tipos de blog de belleza para satisfacer las necesidades espec\u00edficas de los lectores. Entre ellos se incluyen : <\/p>\n\n<figure class=\"wp-block-image size-large\"><img fetchpriority=\"high\" decoding=\"async\" width=\"1024\" height=\"577\" src=\"https:\/\/www.cosmoscosmetique.fr\/wp-content\/uploads\/2023\/07\/pbn-monopage-1-1024x577.jpg\" alt=\"\" class=\"wp-image-35\" srcset=\"https:\/\/cosmoscosmetique.fr\/wp-content\/uploads\/2023\/07\/pbn-monopage-1-1024x577.jpg 1024w, https:\/\/cosmoscosmetique.fr\/wp-content\/uploads\/2023\/07\/pbn-monopage-1-300x169.jpg 300w, https:\/\/cosmoscosmetique.fr\/wp-content\/uploads\/2023\/07\/pbn-monopage-1-768x433.jpg 768w, https:\/\/cosmoscosmetique.fr\/wp-content\/uploads\/2023\/07\/pbn-monopage-1-1536x865.jpg 1536w, https:\/\/cosmoscosmetique.fr\/wp-content\/uploads\/2023\/07\/pbn-monopage-1-1140x642.jpg 1140w, https:\/\/cosmoscosmetique.fr\/wp-content\/uploads\/2023\/07\/pbn-monopage-1.jpg 1640w\" sizes=\"(max-width: 1024px) 100vw, 1024px\" \/><\/figure>\n\n<h3 class=\"wp-block-heading\">Blogs de maquillaje<\/h3>\n\n<p>Estos blogs se centran principalmente en el <strong>maquillaje<\/strong>, y ofrecen tutoriales, rese\u00f1as de productos e inspiraci\u00f3n para looks. Son especialmente apreciados por sus conocimientos t\u00e9cnicos y su capacidad para poner de relieve las nuevas tendencias. <\/p>\n\n<h3 class=\"wp-block-heading\">Blogs de cuidado de la piel<\/h3>\n\n<p>El <strong>cuidado de la piel<\/strong> tambi\u00e9n es un tema clave para algunos blogs de belleza. Se centran en las rutinas de cuidado de la piel, en los productos adecuados para cada tipo de piel y en problemas cut\u00e1neos como el acn\u00e9, las arrugas o las manchas. <\/p>\n\n<h3 class=\"wp-block-heading\">Blogs de perfumes<\/h3>\n\n<p>Los aficionados a <strong>los perfumes<\/strong> no se quedan al margen, con blogs dedicados enteramente a este universo olfativo. Estas plataformas te permiten descubrir las \u00faltimas creaciones de fragancias, aprender m\u00e1s sobre notas y familias olfativas, y encontrar el perfume perfecto para ti. <\/p>\n\n<h2 class=\"wp-block-heading\">Los beneficios de los blogs de belleza para sus lectores<\/h2>\n\n<p>Los blogs de belleza ofrecen multitud de beneficios a quienes los siguen. Entre las principales ventajas de estas plataformas se incluyen <\/p>\n\n<figure class=\"wp-block-image size-large\"><img decoding=\"async\" width=\"1024\" height=\"577\" src=\"https:\/\/www.cosmoscosmetique.fr\/wp-content\/uploads\/2023\/07\/pbn-monopage-4-1024x577.jpg\" alt=\"\" class=\"wp-image-32\" srcset=\"https:\/\/cosmoscosmetique.fr\/wp-content\/uploads\/2023\/07\/pbn-monopage-4-1024x577.jpg 1024w, https:\/\/cosmoscosmetique.fr\/wp-content\/uploads\/2023\/07\/pbn-monopage-4-300x169.jpg 300w, https:\/\/cosmoscosmetique.fr\/wp-content\/uploads\/2023\/07\/pbn-monopage-4-768x433.jpg 768w, https:\/\/cosmoscosmetique.fr\/wp-content\/uploads\/2023\/07\/pbn-monopage-4-1536x865.jpg 1536w, https:\/\/cosmoscosmetique.fr\/wp-content\/uploads\/2023\/07\/pbn-monopage-4-1140x642.jpg 1140w, https:\/\/cosmoscosmetique.fr\/wp-content\/uploads\/2023\/07\/pbn-monopage-4.jpg 1640w\" sizes=\"(max-width: 1024px) 100vw, 1024px\" \/><\/figure>\n\n<h3 class=\"wp-block-heading\">Una fuente inagotable de inspiraci\u00f3n<\/h3>\n\n<p>Gracias a la diversidad de temas tratados y a los estilos de sus autores, los blogs de belleza son un aut\u00e9ntico vivero de ideas para adoptar nuevas tendencias de maquillaje, probar nuevos productos o cambiar tu rutina de cuidado de la piel.<\/p>\n\n<h3 class=\"wp-block-heading\">Asesoramiento personalizado<\/h3>\n\n<p>Las blogueras de belleza suelen compartir sus experiencias personales, lo que permite a las lectoras sentirse m\u00e1s cerca de ellas y beneficiarse de consejos adaptados a su propia situaci\u00f3n. Los intercambios entre las autoras de los blogs y sus suscriptoras a trav\u00e9s de los comentarios o las redes sociales refuerzan esta cercan\u00eda y facilitan el acceso a informaci\u00f3n relevante. <\/p>\n\n<h3 class=\"wp-block-heading\">Revisiones objetivas de productos<\/h3>\n\n<p>A diferencia de los anuncios, las rese\u00f1as de productos en los blogs de belleza suelen tener la ventaja de ser <strong>m\u00e1s objetivas<\/strong>, ya que reflejan las opiniones de personas que realmente han probado los productos en cuesti\u00f3n. Esto permite a los lectores formarse una idea m\u00e1s precisa de la calidad y eficacia de los productos para el cuidado de la piel, el maquillaje o las fragancias antes de comprarlos. <\/p>\n\n<h2 class=\"wp-block-heading\">Las claves para elegir el blog de belleza adecuado<\/h2>\n\n<p>Con la profusi\u00f3n de blogs de belleza disponibles en la red, puede resultar dif\u00edcil orientarse y seleccionar los que mejor se adapten a tus necesidades. Aqu\u00ed tienes algunos consejos que te ayudar\u00e1n a hacer la elecci\u00f3n correcta: <\/p>\n\n<figure class=\"wp-block-image size-large\"><img decoding=\"async\" width=\"1024\" height=\"577\" src=\"https:\/\/www.cosmoscosmetique.fr\/wp-content\/uploads\/2023\/07\/pbn-monopage-3-1-1024x577.jpg\" alt=\"\" class=\"wp-image-36\" srcset=\"https:\/\/cosmoscosmetique.fr\/wp-content\/uploads\/2023\/07\/pbn-monopage-3-1-1024x577.jpg 1024w, https:\/\/cosmoscosmetique.fr\/wp-content\/uploads\/2023\/07\/pbn-monopage-3-1-300x169.jpg 300w, https:\/\/cosmoscosmetique.fr\/wp-content\/uploads\/2023\/07\/pbn-monopage-3-1-768x433.jpg 768w, https:\/\/cosmoscosmetique.fr\/wp-content\/uploads\/2023\/07\/pbn-monopage-3-1-1536x865.jpg 1536w, https:\/\/cosmoscosmetique.fr\/wp-content\/uploads\/2023\/07\/pbn-monopage-3-1-1140x642.jpg 1140w, https:\/\/cosmoscosmetique.fr\/wp-content\/uploads\/2023\/07\/pbn-monopage-3-1.jpg 1640w\" sizes=\"(max-width: 1024px) 100vw, 1024px\" \/><\/figure>\n\n<h3 class=\"wp-block-heading\">Encuentra un blog adaptado a tus necesidades<\/h3>\n\n<p>Es importante determinar qu\u00e9 tema (maquillaje, cuidado de la piel, perfumes, etc.) te interesa m\u00e1s para dirigirte a los blogs dedicados a \u00e9l. Ten en cuenta tambi\u00e9n tu tipo de piel, tus preferencias de estilo y tu presupuesto para poder elegir blogs que se ajusten a tu perfil. <\/p>\n\n<h3 class=\"wp-block-heading\">Consulta varias fuentes<\/h3>\n\n<p>Para obtener una imagen completa y objetiva, no dudes en consultar <strong>varios blogs de belleza<\/strong> sobre el mismo tema. Esto te permitir\u00e1 comparar las opiniones, consejos y recomendaciones de cada uno y formarte tu propia opini\u00f3n. <\/p>\n\n<h3 class=\"wp-block-heading\">Considera la credibilidad del blog<\/h3>\n\n<p>Un blog de belleza serio y fiable debe ser transparente en cuanto a sus operaciones, sobre todo en lo que se refiere a las asociaciones con marcas y cualquier enlace de afiliaci\u00f3n. Desconf\u00eda de los blogs que no mencionan esta informaci\u00f3n y favorece los que son objetivos en sus rese\u00f1as de productos. <\/p>\n\n<h2 class=\"wp-block-heading\">Tendencias actuales en los blogs de belleza<\/h2>\n\n<p>Adem\u00e1s de los temas cl\u00e1sicos (maquillaje, cuidado de la piel, perfumes, etc.), regularmente surgen nuevas tendencias en el mundo de los blogs de belleza. Algunos de los temas m\u00e1s candentes del momento son : <\/p>\n\n<figure class=\"wp-block-image size-large\"><img loading=\"lazy\" decoding=\"async\" width=\"1024\" height=\"577\" src=\"https:\/\/www.cosmoscosmetique.fr\/wp-content\/uploads\/2023\/07\/pbn-monopage-2-1-1024x577.jpg\" alt=\"\" class=\"wp-image-38\" srcset=\"https:\/\/cosmoscosmetique.fr\/wp-content\/uploads\/2023\/07\/pbn-monopage-2-1-1024x577.jpg 1024w, https:\/\/cosmoscosmetique.fr\/wp-content\/uploads\/2023\/07\/pbn-monopage-2-1-300x169.jpg 300w, https:\/\/cosmoscosmetique.fr\/wp-content\/uploads\/2023\/07\/pbn-monopage-2-1-768x433.jpg 768w, https:\/\/cosmoscosmetique.fr\/wp-content\/uploads\/2023\/07\/pbn-monopage-2-1-1536x865.jpg 1536w, https:\/\/cosmoscosmetique.fr\/wp-content\/uploads\/2023\/07\/pbn-monopage-2-1-1140x642.jpg 1140w, https:\/\/cosmoscosmetique.fr\/wp-content\/uploads\/2023\/07\/pbn-monopage-2-1.jpg 1640w\" sizes=\"(max-width: 1024px) 100vw, 1024px\" \/><\/figure>\n\n<h3 class=\"wp-block-heading\">Belleza natural y ecol\u00f3gica<\/h3>\n\n<p>Cada vez m\u00e1s consumidores recurren a productos <strong>respetuosos con el medio ambiente<\/strong> y con su piel. Por eso son cada vez m\u00e1s populares los blogs de belleza ecol\u00f3gica, que ofrecen consejos y sugerencias para adoptar una rutina de belleza m\u00e1s saludable basada en productos naturales u org\u00e1nicos. <\/p>\n\n<h3 class=\"wp-block-heading\">Diversidad e inclusi\u00f3n<\/h3>\n\n<p>En aras de la representatividad y para reflejar mejor la realidad de sus lectores, algunos blogs de belleza ponen de relieve la <strong>diversidad de<\/strong> tipos de piel, complexiones y morfolog\u00edas. Estas plataformas ofrecen consejos adaptados a todos, sin discriminaci\u00f3n. <\/p>\n\n<h3 class=\"wp-block-heading\">Impacto social y medioambiental<\/h3>\n\n<p>Ante los retos actuales, es esencial ser conscientes del<strong>impacto medioambiental<\/strong> y social de nuestras elecciones de belleza. Los blogs se est\u00e1n especializando en este \u00e1mbito, presentando marcas \u00e9ticas y alternativas ecol\u00f3gicas y sensibilizando sobre los problemas a los que se enfrenta el sector. <\/p>\n\n<p>En conclusi\u00f3n, los blogs de belleza son un aut\u00e9ntico fen\u00f3meno hoy en d\u00eda, que atrae cada vez a m\u00e1s seguidores gracias a la riqueza de informaci\u00f3n que ofrecen y a la diversidad de temas tratados. Para encontrar el blog adecuado para ti, no dudes en explorar diferentes mundos y comparar opiniones para formarte tu propia opini\u00f3n. <\/p>\n","protected":false},"excerpt":{"rendered":"<p>En el mundo de la belleza, en constante evoluci\u00f3n, los blogs de belleza se han convertido en una fuente esencial de informaci\u00f3n e inspiraci\u00f3n. Estas plataformas permiten a sus autores compartir sus descubrimientos, consejos y sugerencias con un amplio p\u00fablico. Estos blogs abarcan una amplia gama de temas: maquillaje, cuidado de la piel, fragancias y [&hellip;]<\/p>\n","protected":false},"author":1,"featured_media":0,"parent":0,"menu_order":0,"comment_status":"closed","ping_status":"closed","template":"","meta":{"footnotes":""},"class_list":["post-822","page","type-page","status-publish","hentry"],"yoast_head":"<!-- This site is optimized with the Yoast SEO plugin v24.0 - https:\/\/yoast.com\/wordpress\/plugins\/seo\/ -->\n<title>Sum\u00e9rgete en el cautivador mundo de los blogs de belleza: \u00a1revelaciones, tendencias y consejos! - Cosmos Cosm\u00e9tique<\/title>\n<meta name=\"robots\" content=\"index, follow, max-snippet:-1, max-image-preview:large, max-video-preview:-1\" \/>\n<link rel=\"canonical\" href=\"https:\/\/cosmoscosmetique.fr\/es\/sumergete-en-el-cautivador-mundo-de-los-blogs-de-belleza-revelaciones-tendencias-y-consejos\/\" \/>\n<meta property=\"og:locale\" content=\"es_ES\" \/>\n<meta property=\"og:type\" content=\"article\" \/>\n<meta property=\"og:title\" content=\"Sum\u00e9rgete en el cautivador mundo de los blogs de belleza: \u00a1revelaciones, tendencias y consejos! - Cosmos Cosm\u00e9tique\" \/>\n<meta property=\"og:description\" content=\"En el mundo de la belleza, en constante evoluci\u00f3n, los blogs de belleza se han convertido en una fuente esencial de informaci\u00f3n e inspiraci\u00f3n. Estas plataformas permiten a sus autores compartir sus descubrimientos, consejos y sugerencias con un amplio p\u00fablico. Estos blogs abarcan una amplia gama de temas: maquillaje, cuidado de la piel, fragancias y [&hellip;]\" \/>\n<meta property=\"og:url\" content=\"https:\/\/cosmoscosmetique.fr\/es\/sumergete-en-el-cautivador-mundo-de-los-blogs-de-belleza-revelaciones-tendencias-y-consejos\/\" \/>\n<meta property=\"og:site_name\" content=\"Cosmos Cosm\u00e9tique\" \/>\n<meta property=\"article:modified_time\" content=\"2025-12-18T09:58:17+00:00\" \/>\n<meta property=\"og:image\" content=\"https:\/\/cosmoscosmetique.fr\/wp-content\/uploads\/2023\/07\/pbn-monopage-1.jpg\" \/>\n\t<meta property=\"og:image:width\" content=\"1640\" \/>\n\t<meta property=\"og:image:height\" content=\"924\" \/>\n\t<meta property=\"og:image:type\" content=\"image\/jpeg\" \/>\n<meta name=\"twitter:card\" content=\"summary_large_image\" \/>\n<meta name=\"twitter:label1\" content=\"Tiempo de lectura\" \/>\n\t<meta name=\"twitter:data1\" content=\"5 minutos\" \/>\n<script type=\"application\/ld+json\" class=\"yoast-schema-graph\">{\"@context\":\"https:\/\/schema.org\",\"@graph\":[{\"@type\":\"WebPage\",\"@id\":\"https:\/\/cosmoscosmetique.fr\/es\/sumergete-en-el-cautivador-mundo-de-los-blogs-de-belleza-revelaciones-tendencias-y-consejos\/\",\"url\":\"https:\/\/cosmoscosmetique.fr\/es\/sumergete-en-el-cautivador-mundo-de-los-blogs-de-belleza-revelaciones-tendencias-y-consejos\/\",\"name\":\"Sum\u00e9rgete en el cautivador mundo de los blogs de belleza: \u00a1revelaciones, tendencias y consejos! - Cosmos Cosm\u00e9tique\",\"isPartOf\":{\"@id\":\"https:\/\/cosmoscosmetique.fr\/es\/#website\"},\"primaryImageOfPage\":{\"@id\":\"https:\/\/cosmoscosmetique.fr\/es\/sumergete-en-el-cautivador-mundo-de-los-blogs-de-belleza-revelaciones-tendencias-y-consejos\/#primaryimage\"},\"image\":{\"@id\":\"https:\/\/cosmoscosmetique.fr\/es\/sumergete-en-el-cautivador-mundo-de-los-blogs-de-belleza-revelaciones-tendencias-y-consejos\/#primaryimage\"},\"thumbnailUrl\":\"https:\/\/www.cosmoscosmetique.fr\/wp-content\/uploads\/2023\/07\/pbn-monopage-1-1024x577.jpg\",\"datePublished\":\"2023-07-21T11:00:06+00:00\",\"dateModified\":\"2025-12-18T09:58:17+00:00\",\"breadcrumb\":{\"@id\":\"https:\/\/cosmoscosmetique.fr\/es\/sumergete-en-el-cautivador-mundo-de-los-blogs-de-belleza-revelaciones-tendencias-y-consejos\/#breadcrumb\"},\"inLanguage\":\"es\",\"potentialAction\":[{\"@type\":\"ReadAction\",\"target\":[\"https:\/\/cosmoscosmetique.fr\/es\/sumergete-en-el-cautivador-mundo-de-los-blogs-de-belleza-revelaciones-tendencias-y-consejos\/\"]}]},{\"@type\":\"ImageObject\",\"inLanguage\":\"es\",\"@id\":\"https:\/\/cosmoscosmetique.fr\/es\/sumergete-en-el-cautivador-mundo-de-los-blogs-de-belleza-revelaciones-tendencias-y-consejos\/#primaryimage\",\"url\":\"https:\/\/www.cosmoscosmetique.fr\/wp-content\/uploads\/2023\/07\/pbn-monopage-1-1024x577.jpg\",\"contentUrl\":\"https:\/\/www.cosmoscosmetique.fr\/wp-content\/uploads\/2023\/07\/pbn-monopage-1-1024x577.jpg\"},{\"@type\":\"BreadcrumbList\",\"@id\":\"https:\/\/cosmoscosmetique.fr\/es\/sumergete-en-el-cautivador-mundo-de-los-blogs-de-belleza-revelaciones-tendencias-y-consejos\/#breadcrumb\",\"itemListElement\":[{\"@type\":\"ListItem\",\"position\":1,\"name\":\"Accueil\",\"item\":\"https:\/\/cosmoscosmetique.fr\/es\/sumergete-en-el-cautivador-mundo-de-los-blogs-de-belleza-revelaciones-tendencias-y-consejos-2\/\"},{\"@type\":\"ListItem\",\"position\":2,\"name\":\"Sum\u00e9rgete en el cautivador mundo de los blogs de belleza: \u00a1revelaciones, tendencias y consejos!\"}]},{\"@type\":\"WebSite\",\"@id\":\"https:\/\/cosmoscosmetique.fr\/es\/#website\",\"url\":\"https:\/\/cosmoscosmetique.fr\/es\/\",\"name\":\"Cosmos Cosm\u00e9tique\",\"description\":\"Explorez l&#039;univers c\u00e9leste de la beaut\u00e9 : o\u00f9 l&#039;\u00e9clat cosmique rencontre les secrets cosm\u00e9tiques !\",\"publisher\":{\"@id\":\"https:\/\/cosmoscosmetique.fr\/es\/#organization\"},\"potentialAction\":[{\"@type\":\"SearchAction\",\"target\":{\"@type\":\"EntryPoint\",\"urlTemplate\":\"https:\/\/cosmoscosmetique.fr\/es\/?s={search_term_string}\"},\"query-input\":{\"@type\":\"PropertyValueSpecification\",\"valueRequired\":true,\"valueName\":\"search_term_string\"}}],\"inLanguage\":\"es\"},{\"@type\":\"Organization\",\"@id\":\"https:\/\/cosmoscosmetique.fr\/es\/#organization\",\"name\":\"Cosmos Cosm\u00e9tique\",\"url\":\"https:\/\/cosmoscosmetique.fr\/es\/\",\"logo\":{\"@type\":\"ImageObject\",\"inLanguage\":\"es\",\"@id\":\"https:\/\/cosmoscosmetique.fr\/es\/#\/schema\/logo\/image\/\",\"url\":\"https:\/\/cosmoscosmetique.fr\/wp-content\/uploads\/2023\/07\/cropped-pbn.png\",\"contentUrl\":\"https:\/\/cosmoscosmetique.fr\/wp-content\/uploads\/2023\/07\/cropped-pbn.png\",\"width\":794,\"height\":313,\"caption\":\"Cosmos Cosm\u00e9tique\"},\"image\":{\"@id\":\"https:\/\/cosmoscosmetique.fr\/es\/#\/schema\/logo\/image\/\"}}]}<\/script>\n<!-- \/ Yoast SEO plugin. -->","yoast_head_json":{"title":"Sum\u00e9rgete en el cautivador mundo de los blogs de belleza: \u00a1revelaciones, tendencias y consejos! - Cosmos Cosm\u00e9tique","robots":{"index":"index","follow":"follow","max-snippet":"max-snippet:-1","max-image-preview":"max-image-preview:large","max-video-preview":"max-video-preview:-1"},"canonical":"https:\/\/cosmoscosmetique.fr\/es\/sumergete-en-el-cautivador-mundo-de-los-blogs-de-belleza-revelaciones-tendencias-y-consejos\/","og_locale":"es_ES","og_type":"article","og_title":"Sum\u00e9rgete en el cautivador mundo de los blogs de belleza: \u00a1revelaciones, tendencias y consejos! - Cosmos Cosm\u00e9tique","og_description":"En el mundo de la belleza, en constante evoluci\u00f3n, los blogs de belleza se han convertido en una fuente esencial de informaci\u00f3n e inspiraci\u00f3n. Estas plataformas permiten a sus autores compartir sus descubrimientos, consejos y sugerencias con un amplio p\u00fablico. Estos blogs abarcan una amplia gama de temas: maquillaje, cuidado de la piel, fragancias y [&hellip;]","og_url":"https:\/\/cosmoscosmetique.fr\/es\/sumergete-en-el-cautivador-mundo-de-los-blogs-de-belleza-revelaciones-tendencias-y-consejos\/","og_site_name":"Cosmos Cosm\u00e9tique","article_modified_time":"2025-12-18T09:58:17+00:00","og_image":[{"width":1640,"height":924,"url":"https:\/\/cosmoscosmetique.fr\/wp-content\/uploads\/2023\/07\/pbn-monopage-1.jpg","type":"image\/jpeg"}],"twitter_card":"summary_large_image","twitter_misc":{"Tiempo de lectura":"5 minutos"},"schema":{"@context":"https:\/\/schema.org","@graph":[{"@type":"WebPage","@id":"https:\/\/cosmoscosmetique.fr\/es\/sumergete-en-el-cautivador-mundo-de-los-blogs-de-belleza-revelaciones-tendencias-y-consejos\/","url":"https:\/\/cosmoscosmetique.fr\/es\/sumergete-en-el-cautivador-mundo-de-los-blogs-de-belleza-revelaciones-tendencias-y-consejos\/","name":"Sum\u00e9rgete en el cautivador mundo de los blogs de belleza: \u00a1revelaciones, tendencias y consejos! - Cosmos Cosm\u00e9tique","isPartOf":{"@id":"https:\/\/cosmoscosmetique.fr\/es\/#website"},"primaryImageOfPage":{"@id":"https:\/\/cosmoscosmetique.fr\/es\/sumergete-en-el-cautivador-mundo-de-los-blogs-de-belleza-revelaciones-tendencias-y-consejos\/#primaryimage"},"image":{"@id":"https:\/\/cosmoscosmetique.fr\/es\/sumergete-en-el-cautivador-mundo-de-los-blogs-de-belleza-revelaciones-tendencias-y-consejos\/#primaryimage"},"thumbnailUrl":"https:\/\/www.cosmoscosmetique.fr\/wp-content\/uploads\/2023\/07\/pbn-monopage-1-1024x577.jpg","datePublished":"2023-07-21T11:00:06+00:00","dateModified":"2025-12-18T09:58:17+00:00","breadcrumb":{"@id":"https:\/\/cosmoscosmetique.fr\/es\/sumergete-en-el-cautivador-mundo-de-los-blogs-de-belleza-revelaciones-tendencias-y-consejos\/#breadcrumb"},"inLanguage":"es","potentialAction":[{"@type":"ReadAction","target":["https:\/\/cosmoscosmetique.fr\/es\/sumergete-en-el-cautivador-mundo-de-los-blogs-de-belleza-revelaciones-tendencias-y-consejos\/"]}]},{"@type":"ImageObject","inLanguage":"es","@id":"https:\/\/cosmoscosmetique.fr\/es\/sumergete-en-el-cautivador-mundo-de-los-blogs-de-belleza-revelaciones-tendencias-y-consejos\/#primaryimage","url":"https:\/\/www.cosmoscosmetique.fr\/wp-content\/uploads\/2023\/07\/pbn-monopage-1-1024x577.jpg","contentUrl":"https:\/\/www.cosmoscosmetique.fr\/wp-content\/uploads\/2023\/07\/pbn-monopage-1-1024x577.jpg"},{"@type":"BreadcrumbList","@id":"https:\/\/cosmoscosmetique.fr\/es\/sumergete-en-el-cautivador-mundo-de-los-blogs-de-belleza-revelaciones-tendencias-y-consejos\/#breadcrumb","itemListElement":[{"@type":"ListItem","position":1,"name":"Accueil","item":"https:\/\/cosmoscosmetique.fr\/es\/sumergete-en-el-cautivador-mundo-de-los-blogs-de-belleza-revelaciones-tendencias-y-consejos-2\/"},{"@type":"ListItem","position":2,"name":"Sum\u00e9rgete en el cautivador mundo de los blogs de belleza: \u00a1revelaciones, tendencias y consejos!"}]},{"@type":"WebSite","@id":"https:\/\/cosmoscosmetique.fr\/es\/#website","url":"https:\/\/cosmoscosmetique.fr\/es\/","name":"Cosmos Cosm\u00e9tique","description":"Explorez l&#039;univers c\u00e9leste de la beaut\u00e9 : o\u00f9 l&#039;\u00e9clat cosmique rencontre les secrets cosm\u00e9tiques !","publisher":{"@id":"https:\/\/cosmoscosmetique.fr\/es\/#organization"},"potentialAction":[{"@type":"SearchAction","target":{"@type":"EntryPoint","urlTemplate":"https:\/\/cosmoscosmetique.fr\/es\/?s={search_term_string}"},"query-input":{"@type":"PropertyValueSpecification","valueRequired":true,"valueName":"search_term_string"}}],"inLanguage":"es"},{"@type":"Organization","@id":"https:\/\/cosmoscosmetique.fr\/es\/#organization","name":"Cosmos Cosm\u00e9tique","url":"https:\/\/cosmoscosmetique.fr\/es\/","logo":{"@type":"ImageObject","inLanguage":"es","@id":"https:\/\/cosmoscosmetique.fr\/es\/#\/schema\/logo\/image\/","url":"https:\/\/cosmoscosmetique.fr\/wp-content\/uploads\/2023\/07\/cropped-pbn.png","contentUrl":"https:\/\/cosmoscosmetique.fr\/wp-content\/uploads\/2023\/07\/cropped-pbn.png","width":794,"height":313,"caption":"Cosmos Cosm\u00e9tique"},"image":{"@id":"https:\/\/cosmoscosmetique.fr\/es\/#\/schema\/logo\/image\/"}}]}},"_links":{"self":[{"href":"https:\/\/cosmoscosmetique.fr\/es\/wp-json\/wp\/v2\/pages\/822","targetHints":{"allow":["GET"]}}],"collection":[{"href":"https:\/\/cosmoscosmetique.fr\/es\/wp-json\/wp\/v2\/pages"}],"about":[{"href":"https:\/\/cosmoscosmetique.fr\/es\/wp-json\/wp\/v2\/types\/page"}],"author":[{"embeddable":true,"href":"https:\/\/cosmoscosmetique.fr\/es\/wp-json\/wp\/v2\/users\/1"}],"replies":[{"embeddable":true,"href":"https:\/\/cosmoscosmetique.fr\/es\/wp-json\/wp\/v2\/comments?post=822"}],"version-history":[{"count":3,"href":"https:\/\/cosmoscosmetique.fr\/es\/wp-json\/wp\/v2\/pages\/822\/revisions"}],"predecessor-version":[{"id":830,"href":"https:\/\/cosmoscosmetique.fr\/es\/wp-json\/wp\/v2\/pages\/822\/revisions\/830"}],"wp:attachment":[{"href":"https:\/\/cosmoscosmetique.fr\/es\/wp-json\/wp\/v2\/media?parent=822"}],"curies":[{"name":"wp","href":"https:\/\/api.w.org\/{rel}","templated":true}]}}